{"id":3176,"date":"2025-08-15T09:39:52","date_gmt":"2025-08-15T09:39:52","guid":{"rendered":"https:\/\/lamaisondasie.com\/temoignages\/"},"modified":"2025-10-20T22:55:45","modified_gmt":"2025-10-20T22:55:45","slug":"temoignages","status":"publish","type":"page","link":"https:\/\/lamaisondasie.com\/fr\/temoignages\/","title":{"rendered":"t\u00e9moignages"},"content":{"rendered":"\t\t<div data-elementor-type=\"wp-page\" data-elementor-id=\"3176\" class=\"elementor elementor-3176 elementor-2741\">\n\t\t\t\t\t\t<section class=\"elementor-section elementor-top-section elementor-element elementor-element-c358e13 elementor-section-full_width elementor-section-height-default elementor-section-height-default\" data-id=\"c358e13\" data-element_type=\"section\" data-settings=\"{&quot;background_background&quot;:&quot;classic&quot;}\">\n\t\t\t\t\t\t<div class=\"elementor-container elementor-column-gap-no\">\n\t\t\t\t\t<div class=\"elementor-column elementor-col-100 elementor-top-column elementor-element elementor-element-3dd2bb1\" data-id=\"3dd2bb1\" data-element_type=\"column\">\n\t\t\t<div class=\"elementor-widget-wrap elementor-element-populated\">\n\t\t\t\t\t\t<section class=\"elementor-section elementor-inner-section elementor-element elementor-element-835078f elementor-section-content-middle elementor-section-boxed elementor-section-height-default elementor-section-height-default\" data-id=\"835078f\" data-element_type=\"section\">\n\t\t\t\t\t\t<div class=\"elementor-container elementor-column-gap-default\">\n\t\t\t\t\t<div class=\"elementor-column elementor-col-100 elementor-inner-column elementor-element elementor-element-27d8353\" data-id=\"27d8353\" data-element_type=\"column\">\n\t\t\t<div class=\"elementor-widget-wrap elementor-element-populated\">\n\t\t\t\t\t\t<div class=\"elementor-element elementor-element-b9e24c3 elementor-widget elementor-widget-go-s-heading\" data-id=\"b9e24c3\" data-element_type=\"widget\" data-widget_type=\"go-s-heading.default\">\n\t\t\t\t<div class=\"elementor-widget-container\">\n\t\t\t\t\t<div class=\"prthalign\">\n            <h6 class=\"kd-subtitle-1 kd-subtitle-ani-1 elementor-kadu-sub\">\n                            <img decoding=\"async\" src=\"https:\/\/lamaisondasie.com\/wp-content\/uploads\/2025\/08\/head-icon.png\" alt=\"\"> \n              \n            t\u00e9moignages        <\/h6>\n        <h1 class=\"elementor-gt-heading kd-section-title-1 kd-title-ani kd-split-text\"><\/h1>        <div class=\"elementor-gt-desc kd-para-1 disc wow\" data-splitting>\n        <p>B\u00e9n\u00e9ficiaires de notre service d'interpr\u00e9tation<\/p>    <\/div>        \n    <\/div>\t\t\t\t<\/div>\n\t\t\t\t<\/div>\n\t\t\t\t<div class=\"elementor-element elementor-element-3118523 elementor-widget__width-initial elementor-widget-mobile__width-initial elementor-invisible elementor-widget elementor-widget-text-editor\" data-id=\"3118523\" data-element_type=\"widget\" data-settings=\"{&quot;_animation&quot;:&quot;fadeIn&quot;}\" data-widget_type=\"text-editor.default\">\n\t\t\t\t\t\t\t\t\t<p>Nos services d&rsquo;interpr\u00e9tation ont aid\u00e9 de nombreux individus et institutions \u00e0 atteindre leurs objectifs au Japon, en Chine et en Cor\u00e9e. Voici quelques exemples:<\/p>\t\t\t\t\t\t\t\t<\/div>\n\t\t\t\t\t<\/div>\n\t\t<\/div>\n\t\t\t\t\t<\/div>\n\t\t<\/section>\n\t\t\t\t<section class=\"elementor-section elementor-inner-section elementor-element elementor-element-378109d elementor-section-boxed elementor-section-height-default elementor-section-height-default\" data-id=\"378109d\" data-element_type=\"section\">\n\t\t\t\t\t\t<div class=\"elementor-container elementor-column-gap-default\">\n\t\t\t\t\t<div class=\"elementor-column elementor-col-100 elementor-inner-column elementor-element elementor-element-e20ca12\" data-id=\"e20ca12\" data-element_type=\"column\">\n\t\t\t<div class=\"elementor-widget-wrap elementor-element-populated\">\n\t\t\t\t\t\t<div class=\"elementor-element elementor-element-3d58a28 elementor-widget elementor-widget-go-testimonial-id\" data-id=\"3d58a28\" data-element_type=\"widget\" data-widget_type=\"go-testimonial-id.default\">\n\t\t\t\t<div class=\"elementor-widget-container\">\n\t\t\t\t\t<div class=\"kd-testimonial-1-slider txaa-fade-right\">\n        <div class=\"swiper-container fix kd-testimonial-1-active\">\n            <div class=\"swiper-wrapper\">\n\n                                <div class=\"swiper-slide\">\n                    <div class=\"kd-testimonial-1-item\">\n                                            <div class=\"main-img fix img-cover\">\n                            <img decoding=\"async\" src=\"https:\/\/lamaisondasie.com\/wp-content\/uploads\/2025\/08\/image6-600x395-1.jpg\" alt=\"\">\n                        <\/div>\n                                                <div class=\"item-content\">\n\n                            <div class=\"icon\">\n                                <i class=\"fa-solid fa-quote-right\"><\/i>\n                            <\/div>\n\n                            <div class=\"kd-ratting-1 d-inline-flex align-items-center flex-wrap\">\n                                                                    <i class=\"fa-solid fa-star\"><\/i>\n                                                                    <i class=\"fa-solid fa-star\"><\/i>\n                                                                    <i class=\"fa-solid fa-star\"><\/i>\n                                                                    <i class=\"fa-solid fa-star\"><\/i>\n                                                            <\/div>\n                                                        <h5 class=\"item-comment kd-heading-1\">Awesome hexagon themed stream \n                                                    pack, you can change hexagon \n                                                    stream pack Awesome stream \n                                                    pack, you can <\/h5>\n                        \n                            <div class=\"kd-testimonial-1-item-author d-flex align-items-center\">\n                                <div class=\"author-img fix img-cover\">\n                                    <img decoding=\"async\" src=\"https:\/\/lamaisondasie.com\/wp-content\/uploads\/2025\/08\/la-maison-about.webp\" alt=\"\">\n                                <\/div>\n                                <div class=\"author-content\">\n                                                                    <h4 class=\"name kd-heading-1 kd-font-900\">millon zahino<\/h4>\n                                                                                                    <p class=\"bio kd-para-1\">Behavioral Science<\/p>\n                                                                <\/div>\n                            <\/div>\n\n                        <\/div>\n                    <\/div>\n                <\/div>\n                                <div class=\"swiper-slide\">\n                    <div class=\"kd-testimonial-1-item\">\n                                            <div class=\"main-img fix img-cover\">\n                            <img decoding=\"async\" src=\"https:\/\/lamaisondasie.com\/wp-content\/uploads\/2025\/08\/image6-600x395-1.jpg\" alt=\"\">\n                        <\/div>\n                                                <div class=\"item-content\">\n\n                            <div class=\"icon\">\n                                <i class=\"fa-solid fa-quote-right\"><\/i>\n                            <\/div>\n\n                            <div class=\"kd-ratting-1 d-inline-flex align-items-center flex-wrap\">\n                                                                    <i class=\"fa-solid fa-star\"><\/i>\n                                                                    <i class=\"fa-solid fa-star\"><\/i>\n                                                                    <i class=\"fa-solid fa-star\"><\/i>\n                                                                    <i class=\"fa-solid fa-star\"><\/i>\n                                                            <\/div>\n                                                        <h5 class=\"item-comment kd-heading-1\">Awesome hexagon themed stream \n                                                    pack, you can change hexagon \n                                                    stream pack Awesome stream \n                                                    pack, you can <\/h5>\n                        \n                            <div class=\"kd-testimonial-1-item-author d-flex align-items-center\">\n                                <div class=\"author-img fix img-cover\">\n                                    <img decoding=\"async\" src=\"https:\/\/lamaisondasie.com\/wp-content\/uploads\/2025\/08\/la-maison-about.webp\" alt=\"\">\n                                <\/div>\n                                <div class=\"author-content\">\n                                                                    <h4 class=\"name kd-heading-1 kd-font-900\">millon zahino<\/h4>\n                                                                                                    <p class=\"bio kd-para-1\">Behavioral Science<\/p>\n                                                                <\/div>\n                            <\/div>\n\n                        <\/div>\n                    <\/div>\n                <\/div>\n                                <div class=\"swiper-slide\">\n                    <div class=\"kd-testimonial-1-item\">\n                                            <div class=\"main-img fix img-cover\">\n                            <img decoding=\"async\" src=\"https:\/\/lamaisondasie.com\/wp-content\/uploads\/2025\/08\/image6-600x395-1.jpg\" alt=\"\">\n                        <\/div>\n                                                <div class=\"item-content\">\n\n                            <div class=\"icon\">\n                                <i class=\"fa-solid fa-quote-right\"><\/i>\n                            <\/div>\n\n                            <div class=\"kd-ratting-1 d-inline-flex align-items-center flex-wrap\">\n                                                                    <i class=\"fa-solid fa-star\"><\/i>\n                                                                    <i class=\"fa-solid fa-star\"><\/i>\n                                                                    <i class=\"fa-solid fa-star\"><\/i>\n                                                                    <i class=\"fa-solid fa-star\"><\/i>\n                                                            <\/div>\n                                                        <h5 class=\"item-comment kd-heading-1\">Awesome hexagon themed stream \n                                                    pack, you can change hexagon \n                                                    stream pack Awesome stream \n                                                    pack, you can <\/h5>\n                        \n                            <div class=\"kd-testimonial-1-item-author d-flex align-items-center\">\n                                <div class=\"author-img fix img-cover\">\n                                    <img decoding=\"async\" src=\"https:\/\/lamaisondasie.com\/wp-content\/uploads\/2025\/08\/la-maison-about.webp\" alt=\"\">\n                                <\/div>\n                                <div class=\"author-content\">\n                                                                    <h4 class=\"name kd-heading-1 kd-font-900\">millon zahino<\/h4>\n                                                                                                    <p class=\"bio kd-para-1\">Behavioral Science<\/p>\n                                                                <\/div>\n                            <\/div>\n\n                        <\/div>\n                    <\/div>\n                <\/div>\n                                <div class=\"swiper-slide\">\n                    <div class=\"kd-testimonial-1-item\">\n                                            <div class=\"main-img fix img-cover\">\n                            <img decoding=\"async\" src=\"https:\/\/lamaisondasie.com\/wp-content\/uploads\/2025\/08\/image6-600x395-1.jpg\" alt=\"\">\n                        <\/div>\n                                                <div class=\"item-content\">\n\n                            <div class=\"icon\">\n                                <i class=\"fa-solid fa-quote-right\"><\/i>\n                            <\/div>\n\n                            <div class=\"kd-ratting-1 d-inline-flex align-items-center flex-wrap\">\n                                                                    <i class=\"fa-solid fa-star\"><\/i>\n                                                                    <i class=\"fa-solid fa-star\"><\/i>\n                                                                    <i class=\"fa-solid fa-star\"><\/i>\n                                                                    <i class=\"fa-solid fa-star\"><\/i>\n                                                            <\/div>\n                                                        <h5 class=\"item-comment kd-heading-1\">Awesome hexagon themed stream \n                                                    pack, you can change hexagon \n                                                    stream pack Awesome stream \n                                                    pack, you can <\/h5>\n                        \n                            <div class=\"kd-testimonial-1-item-author d-flex align-items-center\">\n                                <div class=\"author-img fix img-cover\">\n                                    <img decoding=\"async\" src=\"https:\/\/lamaisondasie.com\/wp-content\/uploads\/2025\/08\/la-maison-about.webp\" alt=\"\">\n                                <\/div>\n                                <div class=\"author-content\">\n                                                                    <h4 class=\"name kd-heading-1 kd-font-900\">millon zahino<\/h4>\n                                                                                                    <p class=\"bio kd-para-1\">Behavioral Science<\/p>\n                                                                <\/div>\n                            <\/div>\n\n                        <\/div>\n                    <\/div>\n                <\/div>\n                            <\/div>\n        <\/div>\n\n        <!-- slider-btn -->\n        <div class=\"kd-testimonial-1-slider-btn\">\n\n            <div class=\"kd_testimonial_1_slider_prev\">\n                <div class=\"kd-slider-btn-1 d-flex align-items-center justify-content-center txaa-fade-right\">\n                    <span class=\"icon-1\">\n                        <i class=\"fa-solid fa-arrow-left\"><\/i>\n                    <\/span>\n                    <span class=\"icon-2\">\n                        <i class=\"fa-solid fa-arrow-left\"><\/i>\n                    <\/span>\n                <\/div>\n            <\/div>\n            <div class=\"kd_testimonial_1_slider_next\">\n                <div class=\"kd-slider-btn-1 has-next d-flex align-items-center justify-content-center txaa-fade-left\">\n                    <span class=\"icon-1\">\n                        <i class=\"fa-solid fa-arrow-right\"><\/i>\n                    <\/span>\n                    <span class=\"icon-2\">\n                        <i class=\"fa-solid fa-arrow-right\"><\/i>\n                    <\/span>\n                <\/div>\n            <\/div>\n        <\/div>\n    <\/div>\t\t\t\t<\/div>\n\t\t\t\t<\/div>\n\t\t\t\t\t<\/div>\n\t\t<\/div>\n\t\t\t\t\t<\/div>\n\t\t<\/section>\n\t\t\t\t\t<\/div>\n\t\t<\/div>\n\t\t\t\t\t<\/div>\n\t\t<\/section>\n\t\t\t\t<\/div>\n\t\t","protected":false},"excerpt":{"rendered":"<p>t\u00e9moignages B\u00e9n\u00e9ficiaires de notre service d&rsquo;interpr\u00e9tation Nos services d&rsquo;interpr\u00e9tation ont aid\u00e9 de nombreux individus et institutions \u00e0 atteindre leurs objectifs au Japon, en Chine et en Cor\u00e9e. Voici quelques exemples: Awesome hexagon themed stream pack, you can change hexagon stream pack Awesome stream pack, you can millon zahino Behavioral Science Awesome hexagon themed stream pack, [&hellip;]<\/p>\n","protected":false},"author":1,"featured_media":0,"parent":0,"menu_order":0,"comment_status":"closed","ping_status":"closed","template":"elementor_header_footer","meta":{"footnotes":""},"class_list":["post-3176","page","type-page","status-publish","hentry"],"_links":{"self":[{"href":"https:\/\/lamaisondasie.com\/fr\/wp-json\/wp\/v2\/pages\/3176","targetHints":{"allow":["GET"]}}],"collection":[{"href":"https:\/\/lamaisondasie.com\/fr\/wp-json\/wp\/v2\/pages"}],"about":[{"href":"https:\/\/lamaisondasie.com\/fr\/wp-json\/wp\/v2\/types\/page"}],"author":[{"embeddable":true,"href":"https:\/\/lamaisondasie.com\/fr\/wp-json\/wp\/v2\/users\/1"}],"replies":[{"embeddable":true,"href":"https:\/\/lamaisondasie.com\/fr\/wp-json\/wp\/v2\/comments?post=3176"}],"version-history":[{"count":4,"href":"https:\/\/lamaisondasie.com\/fr\/wp-json\/wp\/v2\/pages\/3176\/revisions"}],"predecessor-version":[{"id":3180,"href":"https:\/\/lamaisondasie.com\/fr\/wp-json\/wp\/v2\/pages\/3176\/revisions\/3180"}],"wp:attachment":[{"href":"https:\/\/lamaisondasie.com\/fr\/wp-json\/wp\/v2\/media?parent=3176"}],"curies":[{"name":"wp","href":"https:\/\/api.w.org\/{rel}","templated":true}]}}