{"id":3168,"date":"2025-08-15T09:30:04","date_gmt":"2025-08-15T09:30:04","guid":{"rendered":"https:\/\/lamaisondasie.com\/nos-professeurs\/"},"modified":"2025-10-20T22:51:30","modified_gmt":"2025-10-20T22:51:30","slug":"nos-professeurs","status":"publish","type":"page","link":"https:\/\/lamaisondasie.com\/fr\/nos-professeurs\/","title":{"rendered":"Nos professeurs"},"content":{"rendered":"\t\t<div data-elementor-type=\"wp-page\" data-elementor-id=\"3168\" class=\"elementor elementor-3168 elementor-2720\">\n\t\t\t\t\t\t<section class=\"elementor-section elementor-top-section elementor-element elementor-element-1ed219e elementor-section-full_width elementor-section-height-default elementor-section-height-default\" data-id=\"1ed219e\" data-element_type=\"section\" data-settings=\"{&quot;background_background&quot;:&quot;classic&quot;}\">\n\t\t\t\t\t\t<div class=\"elementor-container elementor-column-gap-no\">\n\t\t\t\t\t<div class=\"elementor-column elementor-col-100 elementor-top-column elementor-element elementor-element-1b7e878\" data-id=\"1b7e878\" data-element_type=\"column\">\n\t\t\t<div class=\"elementor-widget-wrap elementor-element-populated\">\n\t\t\t\t\t\t<section class=\"elementor-section elementor-inner-section elementor-element elementor-element-33d04e6 elementor-section-content-middle elementor-section-boxed elementor-section-height-default elementor-section-height-default\" data-id=\"33d04e6\" data-element_type=\"section\">\n\t\t\t\t\t\t<div class=\"elementor-container elementor-column-gap-default\">\n\t\t\t\t\t<div class=\"elementor-column elementor-col-100 elementor-inner-column elementor-element elementor-element-491c6ac\" data-id=\"491c6ac\" data-element_type=\"column\">\n\t\t\t<div class=\"elementor-widget-wrap elementor-element-populated\">\n\t\t\t\t\t\t<div class=\"elementor-element elementor-element-92b847d elementor-widget__width-initial elementor-widget-mobile__width-inherit elementor-widget elementor-widget-go-s-heading\" data-id=\"92b847d\" data-element_type=\"widget\" data-widget_type=\"go-s-heading.default\">\n\t\t\t\t<div class=\"elementor-widget-container\">\n\t\t\t\t\t<div class=\"prthalign\">\n            <h6 class=\"kd-subtitle-1 kd-subtitle-ani-1 elementor-kadu-sub\">\n                            <img decoding=\"async\" src=\"https:\/\/lamaisondasie.com\/wp-content\/uploads\/2025\/08\/head-icon.png\" alt=\"\"> \n              \n            nos professeurs        <\/h6>\n        <h1 class=\"elementor-gt-heading kd-section-title-1 kd-title-ani kd-split-text\">Rencontrez nos professeurs de langues.<\/h1>    <\/div>\t\t\t\t<\/div>\n\t\t\t\t<\/div>\n\t\t\t\t<div class=\"elementor-element elementor-element-03f78f1 elementor-widget__width-initial elementor-widget-mobile__width-inherit elementor-invisible elementor-widget elementor-widget-text-editor\" data-id=\"03f78f1\" data-element_type=\"widget\" data-settings=\"{&quot;_animation&quot;:&quot;fadeIn&quot;}\" data-widget_type=\"text-editor.default\">\n\t\t\t\t\t\t\t\t\t<p>Nos enseignants sont des locuteurs natifs avec de l&rsquo;exp\u00e9rience dans l&rsquo;enseignement du japonais, du chinois et du cor\u00e9en. Ils sont passionn\u00e9s par l&rsquo;aide \u00e0 l&rsquo;apprentissage et \u00e0 la compr\u00e9hension de la culture. Chaque enseignant a une biographie mettant en avant ses qualifications et son style d&rsquo;enseignement.<\/p>\t\t\t\t\t\t\t\t<\/div>\n\t\t\t\t\t<\/div>\n\t\t<\/div>\n\t\t\t\t\t<\/div>\n\t\t<\/section>\n\t\t\t\t<section class=\"elementor-section elementor-inner-section elementor-element elementor-element-598e603 elementor-section-boxed elementor-section-height-default elementor-section-height-default\" data-id=\"598e603\" data-element_type=\"section\">\n\t\t\t\t\t\t<div class=\"elementor-container elementor-column-gap-default\">\n\t\t\t\t\t<div class=\"elementor-column elementor-col-50 elementor-inner-column elementor-element elementor-element-ef2285e\" data-id=\"ef2285e\" data-element_type=\"column\">\n\t\t\t<div class=\"elementor-widget-wrap elementor-element-populated\">\n\t\t\t\t\t\t<div class=\"elementor-element elementor-element-d7d124c elementor-widget-tablet__width-auto elementor-widget elementor-widget-go-team-box\" data-id=\"d7d124c\" data-element_type=\"widget\" data-widget_type=\"go-team-box.default\">\n\t\t\t\t<div class=\"elementor-widget-container\">\n\t\t\t\t\t<div class=\"txaa-slide-down-1-item\">\n    <div class=\"kd-team-1-membar\">\n                    <div class=\"main-img fix img-cover\">\n                <img decoding=\"async\" src=\"https:\/\/lamaisondasie.com\/wp-content\/uploads\/2025\/08\/prof-adil.jpeg\" alt=\"\">\n            <\/div>\n                <div class=\"content\">\n            <h4 class=\"membar kd-heading-1 kd-font-900\">\n                <a href=\"#\" aria-label=\"name\">Adil Elhadaoui<\/a>\n            <\/h4>\n                            <h5 class=\"membar-bio kd-heading-1 kd-font-500\">Teacher<\/h5>\n                        <ul class=\"membar-link\">\n                                <li>\n                                            <a href=\"tel:+212766480166\" aria-label=\"name\">\n                                            <span class=\"icon\">\n                            <i aria-hidden=\"true\" class=\"fas fa-phone-alt\"><\/i>                        <\/span>\n                        +212 766 48 01 66                                            <\/a>\n                                    <\/li>\n                                <li>\n                                            <span class=\"icon\">\n                            <i aria-hidden=\"true\" class=\"fas fa-book-open\"><\/i>                        <\/span>\n                        13 lessons                                    <\/li>\n                            <\/ul>\n        <\/div>\n    <\/div>\n<\/div>\t\t\t\t<\/div>\n\t\t\t\t<\/div>\n\t\t\t\t\t<\/div>\n\t\t<\/div>\n\t\t\t\t<div class=\"elementor-column elementor-col-50 elementor-inner-column elementor-element elementor-element-2edb542\" data-id=\"2edb542\" data-element_type=\"column\">\n\t\t\t<div class=\"elementor-widget-wrap elementor-element-populated\">\n\t\t\t\t\t\t<div class=\"elementor-element elementor-element-13540dd elementor-widget-tablet__width-auto elementor-widget elementor-widget-go-team-box\" data-id=\"13540dd\" data-element_type=\"widget\" data-widget_type=\"go-team-box.default\">\n\t\t\t\t<div class=\"elementor-widget-container\">\n\t\t\t\t\t<div class=\"txaa-slide-down-1-item\">\n    <div class=\"kd-team-1-membar\">\n                    <div class=\"main-img fix img-cover\">\n                <img decoding=\"async\" src=\"https:\/\/lamaisondasie.com\/wp-content\/uploads\/2024\/06\/t1-img-2.webp\" alt=\"\">\n            <\/div>\n                <div class=\"content\">\n            <h4 class=\"membar kd-heading-1 kd-font-900\">\n                <a href=\"#\" aria-label=\"name\">Glen Willim<\/a>\n            <\/h4>\n                            <h5 class=\"membar-bio kd-heading-1 kd-font-500\">Designer Insturctor<\/h5>\n                        <ul class=\"membar-link\">\n                                <li>\n                                            <a href=\"tel:+(22)%20849%20849%20944\" aria-label=\"name\">\n                                            <span class=\"icon\">\n                            <i aria-hidden=\"true\" class=\"fas fa-phone-alt\"><\/i>                        <\/span>\n                        +(22) 849 849 944                                            <\/a>\n                                    <\/li>\n                                <li>\n                                            <span class=\"icon\">\n                            <i aria-hidden=\"true\" class=\"fas fa-book-open\"><\/i>                        <\/span>\n                        10 lessons                                    <\/li>\n                            <\/ul>\n        <\/div>\n    <\/div>\n<\/div>\t\t\t\t<\/div>\n\t\t\t\t<\/div>\n\t\t\t\t\t<\/div>\n\t\t<\/div>\n\t\t\t\t\t<\/div>\n\t\t<\/section>\n\t\t\t\t\t<\/div>\n\t\t<\/div>\n\t\t\t\t\t<\/div>\n\t\t<\/section>\n\t\t\t\t<\/div>\n\t\t","protected":false},"excerpt":{"rendered":"<p>nos professeurs Rencontrez nos professeurs de langues. Nos enseignants sont des locuteurs natifs avec de l&rsquo;exp\u00e9rience dans l&rsquo;enseignement du japonais, du chinois et du cor\u00e9en. Ils sont passionn\u00e9s par l&rsquo;aide \u00e0 l&rsquo;apprentissage et \u00e0 la compr\u00e9hension de la culture. Chaque enseignant a une biographie mettant en avant ses qualifications et son style d&rsquo;enseignement. Adil Elhadaoui [&hellip;]<\/p>\n","protected":false},"author":1,"featured_media":0,"parent":0,"menu_order":0,"comment_status":"closed","ping_status":"closed","template":"elementor_header_footer","meta":{"footnotes":""},"class_list":["post-3168","page","type-page","status-publish","hentry"],"_links":{"self":[{"href":"https:\/\/lamaisondasie.com\/fr\/wp-json\/wp\/v2\/pages\/3168","targetHints":{"allow":["GET"]}}],"collection":[{"href":"https:\/\/lamaisondasie.com\/fr\/wp-json\/wp\/v2\/pages"}],"about":[{"href":"https:\/\/lamaisondasie.com\/fr\/wp-json\/wp\/v2\/types\/page"}],"author":[{"embeddable":true,"href":"https:\/\/lamaisondasie.com\/fr\/wp-json\/wp\/v2\/users\/1"}],"replies":[{"embeddable":true,"href":"https:\/\/lamaisondasie.com\/fr\/wp-json\/wp\/v2\/comments?post=3168"}],"version-history":[{"count":4,"href":"https:\/\/lamaisondasie.com\/fr\/wp-json\/wp\/v2\/pages\/3168\/revisions"}],"predecessor-version":[{"id":3172,"href":"https:\/\/lamaisondasie.com\/fr\/wp-json\/wp\/v2\/pages\/3168\/revisions\/3172"}],"wp:attachment":[{"href":"https:\/\/lamaisondasie.com\/fr\/wp-json\/wp\/v2\/media?parent=3168"}],"curies":[{"name":"wp","href":"https:\/\/api.w.org\/{rel}","templated":true}]}}