{"id":3142,"date":"2025-08-15T08:58:03","date_gmt":"2025-08-15T08:58:03","guid":{"rendered":"https:\/\/lamaisondasie.com\/interpretariat\/"},"modified":"2025-10-20T22:41:38","modified_gmt":"2025-10-20T22:41:38","slug":"interpretariat","status":"publish","type":"page","link":"https:\/\/lamaisondasie.com\/fr\/interpretariat\/","title":{"rendered":"Interpr\u00e9tariat"},"content":{"rendered":"\t\t<div data-elementor-type=\"wp-page\" data-elementor-id=\"3142\" class=\"elementor elementor-3142 elementor-2691\">\n\t\t\t\t\t\t<section class=\"elementor-section elementor-top-section elementor-element elementor-element-a9e9767 elementor-section-full_width elementor-section-height-default elementor-section-height-default\" data-id=\"a9e9767\" data-element_type=\"section\" data-settings=\"{&quot;background_background&quot;:&quot;classic&quot;}\">\n\t\t\t\t\t\t<div class=\"elementor-container elementor-column-gap-no\">\n\t\t\t\t\t<div class=\"elementor-column elementor-col-100 elementor-top-column elementor-element elementor-element-f6e1550\" data-id=\"f6e1550\" data-element_type=\"column\">\n\t\t\t<div class=\"elementor-widget-wrap elementor-element-populated\">\n\t\t\t\t\t\t<section class=\"elementor-section elementor-inner-section elementor-element elementor-element-2ad204e elementor-section-content-middle elementor-section-boxed elementor-section-height-default elementor-section-height-default\" data-id=\"2ad204e\" data-element_type=\"section\">\n\t\t\t\t\t\t<div class=\"elementor-container elementor-column-gap-default\">\n\t\t\t\t\t<div class=\"elementor-column elementor-col-100 elementor-inner-column elementor-element elementor-element-9548ce9\" data-id=\"9548ce9\" data-element_type=\"column\">\n\t\t\t<div class=\"elementor-widget-wrap elementor-element-populated\">\n\t\t\t\t\t\t<div class=\"elementor-element elementor-element-1627515 elementor-widget__width-initial elementor-widget-mobile__width-inherit elementor-widget elementor-widget-go-s-heading\" data-id=\"1627515\" data-element_type=\"widget\" data-widget_type=\"go-s-heading.default\">\n\t\t\t\t<div class=\"elementor-widget-container\">\n\t\t\t\t\t<div class=\"prthalign\">\n            <h6 class=\"kd-subtitle-1 kd-subtitle-ani-1 elementor-kadu-sub\">\n                            <img decoding=\"async\" src=\"https:\/\/lamaisondasie.com\/wp-content\/uploads\/2025\/08\/head-icon.png\" alt=\"\"> \n              \n            Interpr\u00e9tariat        <\/h6>\n        <h1 class=\"elementor-gt-heading kd-section-title-1 kd-title-ani kd-split-text\"><\/h1>        <div class=\"elementor-gt-desc kd-para-1 disc wow\" data-splitting>\n        <p>Nous proposons des services d'interpr\u00e9tation en japonais, chinois et cor\u00e9en pour :<\/p>    <\/div>        \n    <\/div>\t\t\t\t<\/div>\n\t\t\t\t<\/div>\n\t\t\t\t\t<\/div>\n\t\t<\/div>\n\t\t\t\t\t<\/div>\n\t\t<\/section>\n\t\t\t\t<section class=\"elementor-section elementor-inner-section elementor-element elementor-element-05b35d0 elementor-section-boxed elementor-section-height-default elementor-section-height-default\" data-id=\"05b35d0\" data-element_type=\"section\">\n\t\t\t\t\t\t<div class=\"elementor-container elementor-column-gap-default\">\n\t\t\t\t\t<div class=\"elementor-column elementor-col-33 elementor-inner-column elementor-element elementor-element-62320ce\" data-id=\"62320ce\" data-element_type=\"column\">\n\t\t\t<div class=\"elementor-widget-wrap elementor-element-populated\">\n\t\t\t\t\t\t<div class=\"elementor-element elementor-element-1d72c01 ekit-equal-height-disable elementor-widget elementor-widget-elementskit-icon-box\" data-id=\"1d72c01\" data-element_type=\"widget\" data-widget_type=\"elementskit-icon-box.default\">\n\t\t\t\t\t<div class=\"ekit-wid-con\" >        <!-- link opening -->\n                <a href=\"#\" class=\"ekit_global_links\">\n                <!-- end link opening -->\n\n        <div class=\"elementskit-infobox text-center text- icon-top-align elementor-animation-shrink   \">\n                    <div class=\"elementskit-box-header elementor-animation-\">\n                <div class=\"elementskit-info-box-icon  \">\n                    <i aria-hidden=\"true\" class=\"elementkit-infobox-icon icon icon-camera-video\"><\/i>\n                <\/div>\n          <\/div>\n                        <div class=\"box-body\">\n                            <h3 class=\"elementskit-info-box-title\">\n                    R\u00e9unions d&#039;affaires et n\u00e9gociations.                <\/h3>\n                                            <\/div>\n        \n        \n                <\/div>\n                <\/a>\n        <\/div>\t\t\t\t<\/div>\n\t\t\t\t\t<\/div>\n\t\t<\/div>\n\t\t\t\t<div class=\"elementor-column elementor-col-33 elementor-inner-column elementor-element elementor-element-579d52b\" data-id=\"579d52b\" data-element_type=\"column\">\n\t\t\t<div class=\"elementor-widget-wrap elementor-element-populated\">\n\t\t\t\t\t\t<div class=\"elementor-element elementor-element-b96d4dc ekit-equal-height-disable elementor-widget elementor-widget-elementskit-icon-box\" data-id=\"b96d4dc\" data-element_type=\"widget\" data-widget_type=\"elementskit-icon-box.default\">\n\t\t\t\t\t<div class=\"ekit-wid-con\" >        <!-- link opening -->\n                <a href=\"#\" class=\"ekit_global_links\">\n                <!-- end link opening -->\n\n        <div class=\"elementskit-infobox text-center text- icon-top-align elementor-animation-shrink   \">\n                    <div class=\"elementskit-box-header elementor-animation-\">\n                <div class=\"elementskit-info-box-icon  \">\n                    <i aria-hidden=\"true\" class=\"elementkit-infobox-icon icon icon-planet-earth\"><\/i>\n                <\/div>\n          <\/div>\n                        <div class=\"box-body\">\n                            <h3 class=\"elementskit-info-box-title\">\n                    Voyages et tourisme.                <\/h3>\n                                            <\/div>\n        \n        \n                <\/div>\n                <\/a>\n        <\/div>\t\t\t\t<\/div>\n\t\t\t\t\t<\/div>\n\t\t<\/div>\n\t\t\t\t<div class=\"elementor-column elementor-col-33 elementor-inner-column elementor-element elementor-element-cd44b9f\" data-id=\"cd44b9f\" data-element_type=\"column\">\n\t\t\t<div class=\"elementor-widget-wrap elementor-element-populated\">\n\t\t\t\t\t\t<div class=\"elementor-element elementor-element-cf1bbd1 ekit-equal-height-disable elementor-widget elementor-widget-elementskit-icon-box\" data-id=\"cf1bbd1\" data-element_type=\"widget\" data-widget_type=\"elementskit-icon-box.default\">\n\t\t\t\t\t<div class=\"ekit-wid-con\" >        <!-- link opening -->\n                <a href=\"#\" class=\"ekit_global_links\">\n                <!-- end link opening -->\n\n        <div class=\"elementskit-infobox text-center text- icon-top-align elementor-animation-shrink   \">\n                    <div class=\"elementskit-box-header elementor-animation-\">\n                <div class=\"elementskit-info-box-icon  \">\n                    <i aria-hidden=\"true\" class=\"elementkit-infobox-icon icon icon-planting\"><\/i>\n                <\/div>\n          <\/div>\n                        <div class=\"box-body\">\n                            <h3 class=\"elementskit-info-box-title\">\n                    \u00c9v\u00e9nements culturels et conf\u00e9rences.                <\/h3>\n                                            <\/div>\n        \n        \n                <\/div>\n                <\/a>\n        <\/div>\t\t\t\t<\/div>\n\t\t\t\t\t<\/div>\n\t\t<\/div>\n\t\t\t\t\t<\/div>\n\t\t<\/section>\n\t\t\t\t<section class=\"elementor-section elementor-inner-section elementor-element elementor-element-c36ce46 elementor-section-boxed elementor-section-height-default elementor-section-height-default\" data-id=\"c36ce46\" data-element_type=\"section\">\n\t\t\t\t\t\t<div class=\"elementor-container elementor-column-gap-default\">\n\t\t\t\t\t<div class=\"elementor-column elementor-col-100 elementor-inner-column elementor-element elementor-element-b9df248\" data-id=\"b9df248\" data-element_type=\"column\">\n\t\t\t<div class=\"elementor-widget-wrap elementor-element-populated\">\n\t\t\t\t\t\t<div class=\"elementor-element elementor-element-071a64f elementor-invisible elementor-widget elementor-widget-text-editor\" data-id=\"071a64f\" data-element_type=\"widget\" data-settings=\"{&quot;_animation&quot;:&quot;fadeIn&quot;}\" data-widget_type=\"text-editor.default\">\n\t\t\t\t\t\t\t\t\t<p data-start=\"258\" data-end=\"350\">Nos interpr\u00e8tes sont certifi\u00e9s et exp\u00e9riment\u00e9s dans leurs langues et cultures respectives.<\/p>\t\t\t\t\t\t\t\t<\/div>\n\t\t\t\t\t<\/div>\n\t\t<\/div>\n\t\t\t\t\t<\/div>\n\t\t<\/section>\n\t\t\t\t\t<\/div>\n\t\t<\/div>\n\t\t\t\t\t<\/div>\n\t\t<\/section>\n\t\t\t\t<\/div>\n\t\t","protected":false},"excerpt":{"rendered":"<p>Interpr\u00e9tariat Nous proposons des services d&rsquo;interpr\u00e9tation en japonais, chinois et cor\u00e9en pour : R\u00e9unions d&#039;affaires et n\u00e9gociations. Voyages et tourisme. \u00c9v\u00e9nements culturels et conf\u00e9rences. Nos interpr\u00e8tes sont certifi\u00e9s et exp\u00e9riment\u00e9s dans leurs langues et cultures respectives.<\/p>\n","protected":false},"author":1,"featured_media":0,"parent":0,"menu_order":0,"comment_status":"closed","ping_status":"closed","template":"elementor_header_footer","meta":{"footnotes":""},"class_list":["post-3142","page","type-page","status-publish","hentry"],"_links":{"self":[{"href":"https:\/\/lamaisondasie.com\/fr\/wp-json\/wp\/v2\/pages\/3142","targetHints":{"allow":["GET"]}}],"collection":[{"href":"https:\/\/lamaisondasie.com\/fr\/wp-json\/wp\/v2\/pages"}],"about":[{"href":"https:\/\/lamaisondasie.com\/fr\/wp-json\/wp\/v2\/types\/page"}],"author":[{"embeddable":true,"href":"https:\/\/lamaisondasie.com\/fr\/wp-json\/wp\/v2\/users\/1"}],"replies":[{"embeddable":true,"href":"https:\/\/lamaisondasie.com\/fr\/wp-json\/wp\/v2\/comments?post=3142"}],"version-history":[{"count":4,"href":"https:\/\/lamaisondasie.com\/fr\/wp-json\/wp\/v2\/pages\/3142\/revisions"}],"predecessor-version":[{"id":3147,"href":"https:\/\/lamaisondasie.com\/fr\/wp-json\/wp\/v2\/pages\/3142\/revisions\/3147"}],"wp:attachment":[{"href":"https:\/\/lamaisondasie.com\/fr\/wp-json\/wp\/v2\/media?parent=3142"}],"curies":[{"name":"wp","href":"https:\/\/api.w.org\/{rel}","templated":true}]}}