{"id":3078,"date":"2025-08-14T12:33:47","date_gmt":"2025-08-14T12:33:47","guid":{"rendered":"https:\/\/lamaisondasie.com\/e-cours\/"},"modified":"2025-10-20T22:58:00","modified_gmt":"2025-10-20T22:58:00","slug":"e-cours","status":"publish","type":"page","link":"https:\/\/lamaisondasie.com\/fr\/e-cours\/","title":{"rendered":"e-cours"},"content":{"rendered":"\t\t<div data-elementor-type=\"wp-page\" data-elementor-id=\"3078\" class=\"elementor elementor-3078 elementor-2627\">\n\t\t\t\t\t\t<section class=\"elementor-section elementor-top-section elementor-element elementor-element-232bc5b elementor-section-full_width elementor-section-height-default elementor-section-height-default\" data-id=\"232bc5b\" data-element_type=\"section\" data-settings=\"{&quot;background_background&quot;:&quot;classic&quot;}\">\n\t\t\t\t\t\t<div class=\"elementor-container elementor-column-gap-no\">\n\t\t\t\t\t<div class=\"elementor-column elementor-col-100 elementor-top-column elementor-element elementor-element-68b2d3a\" data-id=\"68b2d3a\" data-element_type=\"column\">\n\t\t\t<div class=\"elementor-widget-wrap elementor-element-populated\">\n\t\t\t\t\t\t<section class=\"elementor-section elementor-inner-section elementor-element elementor-element-c3ad171 elementor-section-content-middle elementor-section-boxed elementor-section-height-default elementor-section-height-default\" data-id=\"c3ad171\" data-element_type=\"section\">\n\t\t\t\t\t\t<div class=\"elementor-container elementor-column-gap-default\">\n\t\t\t\t\t<div class=\"elementor-column elementor-col-100 elementor-inner-column elementor-element elementor-element-b345323\" data-id=\"b345323\" data-element_type=\"column\">\n\t\t\t<div class=\"elementor-widget-wrap elementor-element-populated\">\n\t\t\t\t\t\t<div class=\"elementor-element elementor-element-21d015c elementor-widget elementor-widget-go-s-heading\" data-id=\"21d015c\" data-element_type=\"widget\" data-widget_type=\"go-s-heading.default\">\n\t\t\t\t<div class=\"elementor-widget-container\">\n\t\t\t\t\t<div class=\"prthalign\">\n            <h6 class=\"kd-subtitle-1 kd-subtitle-ani-1 elementor-kadu-sub\">\n                            <img decoding=\"async\" src=\"https:\/\/lamaisondasie.com\/wp-content\/uploads\/2025\/08\/head-icon.png\" alt=\"\"> \n              \n            e-cours        <\/h6>\n        <h1 class=\"elementor-gt-heading kd-section-title-1 kd-title-ani kd-split-text\"><\/h1>        <div class=\"elementor-gt-desc kd-para-1 disc wow\" data-splitting>\n        <p>Cours en ligne en japonais, chinois et cor\u00e9en<br \/>Nos E-Cours sont con\u00e7us pour tous les niveaux:<\/p>    <\/div>        \n    <\/div>\t\t\t\t<\/div>\n\t\t\t\t<\/div>\n\t\t\t\t\t<\/div>\n\t\t<\/div>\n\t\t\t\t\t<\/div>\n\t\t<\/section>\n\t\t\t\t<section class=\"elementor-section elementor-inner-section elementor-element elementor-element-41cc58d elementor-section-boxed elementor-section-height-default elementor-section-height-default\" data-id=\"41cc58d\" data-element_type=\"section\">\n\t\t\t\t\t\t<div class=\"elementor-container elementor-column-gap-default\">\n\t\t\t\t\t<div class=\"elementor-column elementor-col-33 elementor-inner-column elementor-element elementor-element-116ae57\" data-id=\"116ae57\" data-element_type=\"column\">\n\t\t\t<div class=\"elementor-widget-wrap elementor-element-populated\">\n\t\t\t\t\t\t<div class=\"elementor-element elementor-element-8f24f9b elementor-widget elementor-widget-go-service-box\" data-id=\"8f24f9b\" data-element_type=\"widget\" data-widget_type=\"go-service-box.default\">\n\t\t\t\t<div class=\"elementor-widget-container\">\n\t\t\t\t\t<div class=\"kd-services-2-card\">\n    <div class=\"icon-wrap d-flex align-items-center flex-wrap\">\n        <div class=\"icon\">\n                            <img decoding=\"async\" src=\"https:\/\/lamaisondasie.com\/wp-content\/uploads\/2025\/08\/Japanese-icon.png\" alt=\"List\">\n                    <\/div>\n            <\/div>\n    <h3 class=\"card-title kd-heading-1 kd-font-900\">\n        <a href=\"#\" aria-label=\"name\">Japonais:<\/a>\n    <\/h3>\n                <p class=\"disc kd-para-1\">Apprenez les kanji, la grammaire, la conversation, la lecture et l\u2019\u00e9criture. Focus sur le japonais des affaires ou le japonais du voyage.<\/p>\n    <\/div>\t\t\t\t<\/div>\n\t\t\t\t<\/div>\n\t\t\t\t\t<\/div>\n\t\t<\/div>\n\t\t\t\t<div class=\"elementor-column elementor-col-33 elementor-inner-column elementor-element elementor-element-1bf09d0\" data-id=\"1bf09d0\" data-element_type=\"column\">\n\t\t\t<div class=\"elementor-widget-wrap elementor-element-populated\">\n\t\t\t\t\t\t<div class=\"elementor-element elementor-element-7f23e9d elementor-widget elementor-widget-go-service-box\" data-id=\"7f23e9d\" data-element_type=\"widget\" data-widget_type=\"go-service-box.default\">\n\t\t\t\t<div class=\"elementor-widget-container\">\n\t\t\t\t\t<div class=\"kd-services-2-card\">\n    <div class=\"icon-wrap d-flex align-items-center flex-wrap\">\n        <div class=\"icon\">\n                            <img decoding=\"async\" src=\"https:\/\/lamaisondasie.com\/wp-content\/uploads\/2025\/08\/Chinese-icon.png\" alt=\"List\">\n                    <\/div>\n            <\/div>\n    <h3 class=\"card-title kd-heading-1 kd-font-900\">\n        <a href=\"#\" aria-label=\"name\">Chinois:<\/a>\n    <\/h3>\n                <p class=\"disc kd-para-1\">Ma\u00eetrisez les tons, les caract\u00e8res, les phrases courantes et les nuances culturelles.\nComprend le chinois mandarin.<\/p>\n    <\/div>\t\t\t\t<\/div>\n\t\t\t\t<\/div>\n\t\t\t\t\t<\/div>\n\t\t<\/div>\n\t\t\t\t<div class=\"elementor-column elementor-col-33 elementor-inner-column elementor-element elementor-element-15e398e\" data-id=\"15e398e\" data-element_type=\"column\">\n\t\t\t<div class=\"elementor-widget-wrap elementor-element-populated\">\n\t\t\t\t\t\t<div class=\"elementor-element elementor-element-75e17a3 elementor-widget elementor-widget-go-service-box\" data-id=\"75e17a3\" data-element_type=\"widget\" data-widget_type=\"go-service-box.default\">\n\t\t\t\t<div class=\"elementor-widget-container\">\n\t\t\t\t\t<div class=\"kd-services-2-card\">\n    <div class=\"icon-wrap d-flex align-items-center flex-wrap\">\n        <div class=\"icon\">\n                            <img decoding=\"async\" src=\"https:\/\/lamaisondasie.com\/wp-content\/uploads\/2025\/08\/Korean-icon.png\" alt=\"List\">\n                    <\/div>\n            <\/div>\n    <h3 class=\"card-title kd-heading-1 kd-font-900\">\n        <a href=\"#\" aria-label=\"name\">Cor\u00e9en:<\/a>\n    <\/h3>\n                <p class=\"disc kd-para-1\">Plongez dans le Hangul, la grammaire, le vocabulaire et les insights culturels. Pratiquez la conversation avec la K-pop et les dramas.<\/p>\n    <\/div>\t\t\t\t<\/div>\n\t\t\t\t<\/div>\n\t\t\t\t\t<\/div>\n\t\t<\/div>\n\t\t\t\t\t<\/div>\n\t\t<\/section>\n\t\t\t\t<section class=\"elementor-section elementor-inner-section elementor-element elementor-element-528f877 elementor-section-boxed elementor-section-height-default elementor-section-height-default\" data-id=\"528f877\" data-element_type=\"section\">\n\t\t\t\t\t\t<div class=\"elementor-container elementor-column-gap-default\">\n\t\t\t\t\t<div class=\"elementor-column elementor-col-100 elementor-inner-column elementor-element elementor-element-d79e5ac\" data-id=\"d79e5ac\" data-element_type=\"column\">\n\t\t\t<div class=\"elementor-widget-wrap elementor-element-populated\">\n\t\t\t\t\t\t<div class=\"elementor-element elementor-element-0d1a7d2 elementor-invisible elementor-widget elementor-widget-text-editor\" data-id=\"0d1a7d2\" data-element_type=\"widget\" data-settings=\"{&quot;_animation&quot;:&quot;fadeIn&quot;}\" data-widget_type=\"text-editor.default\">\n\t\t\t\t\t\t\t\t\t<p>Les cours incluent des le\u00e7ons interactives, des quiz, une pratique de la parole avec des enseignants certifi\u00e9s et des retours. Choisissez votre niveau (d\u00e9butant, interm\u00e9diaire, avanc\u00e9) et commencez \u00e0 apprendre !<\/p>\t\t\t\t\t\t\t\t<\/div>\n\t\t\t\t<div class=\"elementor-element elementor-element-15b1b5a elementor-widget elementor-widget-go-s-heading\" data-id=\"15b1b5a\" data-element_type=\"widget\" data-widget_type=\"go-s-heading.default\">\n\t\t\t\t<div class=\"elementor-widget-container\">\n\t\t\t\t\t<div class=\"prthalign\">\n        <h1 class=\"elementor-gt-heading kd-section-title-1 kd-title-ani kd-split-text\"><\/h1>        <div class=\"elementor-gt-desc kd-para-1 disc wow\" data-splitting>\n        <p>Niveau, Objectif, \u00c2ge (E-COURS : sous-sections) :<\/p>    <\/div>        \n    <\/div>\t\t\t\t<\/div>\n\t\t\t\t<\/div>\n\t\t\t\t<div class=\"elementor-element elementor-element-20c3a5e elementor-invisible elementor-widget elementor-widget-text-editor\" data-id=\"20c3a5e\" data-element_type=\"widget\" data-settings=\"{&quot;_animation&quot;:&quot;fadeIn&quot;}\" data-widget_type=\"text-editor.default\">\n\t\t\t\t\t\t\t\t\t<p>Cours en ligne en japonais, chinois et cor\u00e9en. Nos E-Cours sont con\u00e7us pour tous les niveaux, besoins et tranches d\u2019\u00e2ge.<\/p>\t\t\t\t\t\t\t\t<\/div>\n\t\t\t\t\t<\/div>\n\t\t<\/div>\n\t\t\t\t\t<\/div>\n\t\t<\/section>\n\t\t\t\t<section class=\"elementor-section elementor-inner-section elementor-element elementor-element-e60ea28 elementor-section-boxed elementor-section-height-default elementor-section-height-default\" data-id=\"e60ea28\" data-element_type=\"section\">\n\t\t\t\t\t\t<div class=\"elementor-container elementor-column-gap-default\">\n\t\t\t\t\t<div class=\"elementor-column elementor-col-33 elementor-inner-column elementor-element elementor-element-e9cb739\" data-id=\"e9cb739\" data-element_type=\"column\">\n\t\t\t<div class=\"elementor-widget-wrap elementor-element-populated\">\n\t\t\t\t\t\t<div class=\"elementor-element elementor-element-c98f048 elementor-widget elementor-widget-ft-btn\" data-id=\"c98f048\" data-element_type=\"widget\" data-widget_type=\"ft-btn.default\">\n\t\t\t\t<div class=\"elementor-widget-container\">\n\t\t\t\t\t<div class=\"prthalign\">\n    <a href=\"https:\/\/lamaisondasie.com\/fr\/course-category\/cours-par-niveau\/?tutor-course-filter-category=84\" aria-label=\"name\" class=\"kd-pr-btn-2 text-uppercase \">\n        <span class=\"text\" data-back=\"Cours par niveau\" data-front=\"Cours par niveau\"><\/span>\n        <span class=\"icon\">\n            <i class=\"fa-solid fa-arrow-up-right\"><\/i>\n        <\/span>\n    <\/a>\n<\/div>\t\t\t\t<\/div>\n\t\t\t\t<\/div>\n\t\t\t\t\t<\/div>\n\t\t<\/div>\n\t\t\t\t<div class=\"elementor-column elementor-col-33 elementor-inner-column elementor-element elementor-element-65ee7c1\" data-id=\"65ee7c1\" data-element_type=\"column\">\n\t\t\t<div class=\"elementor-widget-wrap elementor-element-populated\">\n\t\t\t\t\t\t<div class=\"elementor-element elementor-element-0bc1162 elementor-widget elementor-widget-ft-btn\" data-id=\"0bc1162\" data-element_type=\"widget\" data-widget_type=\"ft-btn.default\">\n\t\t\t\t<div class=\"elementor-widget-container\">\n\t\t\t\t\t<div class=\"prthalign\">\n    <a href=\"https:\/\/lamaisondasie.com\/fr\/course-category\/cours-pour-des-propos-speciaux\/?tutor-course-filter-category=85\" aria-label=\"name\" class=\"kd-pr-btn-2 text-uppercase \">\n        <span class=\"text\" data-back=\"Cours pour des propos sp\u00e9ciaux\" data-front=\"Cours pour des propos sp\u00e9ciaux\"><\/span>\n        <span class=\"icon\">\n            <i class=\"fa-solid fa-arrow-up-right\"><\/i>\n        <\/span>\n    <\/a>\n<\/div>\t\t\t\t<\/div>\n\t\t\t\t<\/div>\n\t\t\t\t\t<\/div>\n\t\t<\/div>\n\t\t\t\t<div class=\"elementor-column elementor-col-33 elementor-inner-column elementor-element elementor-element-f7938ad\" data-id=\"f7938ad\" data-element_type=\"column\">\n\t\t\t<div class=\"elementor-widget-wrap elementor-element-populated\">\n\t\t\t\t\t\t<div class=\"elementor-element elementor-element-3b7458e elementor-widget elementor-widget-ft-btn\" data-id=\"3b7458e\" data-element_type=\"widget\" data-widget_type=\"ft-btn.default\">\n\t\t\t\t<div class=\"elementor-widget-container\">\n\t\t\t\t\t<div class=\"prthalign\">\n    <a href=\"https:\/\/lamaisondasie.com\/fr\/course-category\/cours-par-tranche-dage\/?tutor-course-filter-category=83\" aria-label=\"name\" class=\"kd-pr-btn-2 text-uppercase \">\n        <span class=\"text\" data-back=\"Cours par tranche d\u2019\u00e2ge\" data-front=\"Cours par tranche d\u2019\u00e2ge\"><\/span>\n        <span class=\"icon\">\n            <i class=\"fa-solid fa-arrow-up-right\"><\/i>\n        <\/span>\n    <\/a>\n<\/div>\t\t\t\t<\/div>\n\t\t\t\t<\/div>\n\t\t\t\t\t<\/div>\n\t\t<\/div>\n\t\t\t\t\t<\/div>\n\t\t<\/section>\n\t\t\t\t\t<\/div>\n\t\t<\/div>\n\t\t\t\t\t<\/div>\n\t\t<\/section>\n\t\t\t\t<\/div>\n\t\t","protected":false},"excerpt":{"rendered":"<p>e-cours Cours en ligne en japonais, chinois et cor\u00e9enNos E-Cours sont con\u00e7us pour tous les niveaux: Japonais: Apprenez les kanji, la grammaire, la conversation, la lecture et l\u2019\u00e9criture. Focus sur le japonais des affaires ou le japonais du voyage. Chinois: Ma\u00eetrisez les tons, les caract\u00e8res, les phrases courantes et les nuances culturelles. Comprend le chinois [&hellip;]<\/p>\n","protected":false},"author":1,"featured_media":0,"parent":0,"menu_order":0,"comment_status":"closed","ping_status":"closed","template":"elementor_header_footer","meta":{"footnotes":""},"class_list":["post-3078","page","type-page","status-publish","hentry"],"_links":{"self":[{"href":"https:\/\/lamaisondasie.com\/fr\/wp-json\/wp\/v2\/pages\/3078","targetHints":{"allow":["GET"]}}],"collection":[{"href":"https:\/\/lamaisondasie.com\/fr\/wp-json\/wp\/v2\/pages"}],"about":[{"href":"https:\/\/lamaisondasie.com\/fr\/wp-json\/wp\/v2\/types\/page"}],"author":[{"embeddable":true,"href":"https:\/\/lamaisondasie.com\/fr\/wp-json\/wp\/v2\/users\/1"}],"replies":[{"embeddable":true,"href":"https:\/\/lamaisondasie.com\/fr\/wp-json\/wp\/v2\/comments?post=3078"}],"version-history":[{"count":18,"href":"https:\/\/lamaisondasie.com\/fr\/wp-json\/wp\/v2\/pages\/3078\/revisions"}],"predecessor-version":[{"id":3186,"href":"https:\/\/lamaisondasie.com\/fr\/wp-json\/wp\/v2\/pages\/3078\/revisions\/3186"}],"wp:attachment":[{"href":"https:\/\/lamaisondasie.com\/fr\/wp-json\/wp\/v2\/media?parent=3078"}],"curies":[{"name":"wp","href":"https:\/\/api.w.org\/{rel}","templated":true}]}}