{"id":3051,"date":"2025-08-14T06:59:51","date_gmt":"2025-08-14T06:59:51","guid":{"rendered":"https:\/\/lamaisondasie.com\/accueil\/"},"modified":"2025-10-20T22:56:30","modified_gmt":"2025-10-20T22:56:30","slug":"accueil","status":"publish","type":"page","link":"https:\/\/lamaisondasie.com\/fr\/","title":{"rendered":"Accueil"},"content":{"rendered":"\t\t<div data-elementor-type=\"wp-page\" data-elementor-id=\"3051\" class=\"elementor elementor-3051 elementor-2382\">\n\t\t\t\t<div class=\"elementor-element elementor-element-74534842 e-flex e-con-boxed e-con e-parent\" data-id=\"74534842\" data-element_type=\"container\" data-settings=\"{&quot;background_background&quot;:&quot;classic&quot;}\">\n\t\t\t\t\t<div class=\"e-con-inner\">\n\t\t<div class=\"elementor-element elementor-element-79f45df0 e-con-full e-flex e-con e-child\" data-id=\"79f45df0\" data-element_type=\"container\">\n\t\t\t\t<div class=\"elementor-element elementor-element-b19d6b4 elementor-widget elementor-widget-go-s-heading\" data-id=\"b19d6b4\" data-element_type=\"widget\" data-widget_type=\"go-s-heading.default\">\n\t\t\t\t<div class=\"elementor-widget-container\">\n\t\t\t\t\t<div class=\"prthalign\">\n            <h6 class=\"kd-subtitle-1 kd-subtitle-ani-1 elementor-kadu-sub\">\n                            <img decoding=\"async\" src=\"https:\/\/lamaisondasie.com\/wp-content\/uploads\/2025\/08\/head-icon.png\" alt=\"\"> \n              \n            La Maison d'Asie        <\/h6>\n        <h1 class=\"elementor-gt-heading kd-section-title-1 kd-title-ani kd-split-text\">Une plateforme d'apprentissage des langues: japonais, chinois et cor\u00e9en<\/h1>        <div class=\"elementor-gt-desc kd-para-1 disc wow\" data-splitting>\n            <\/div>        \n    <\/div>\t\t\t\t<\/div>\n\t\t\t\t<\/div>\n\t\t<div class=\"elementor-element elementor-element-77869be0 e-con-full e-flex e-con e-child\" data-id=\"77869be0\" data-element_type=\"container\">\n\t\t\t\t<div class=\"elementor-element elementor-element-5f2df8e elementor-widget elementor-widget-ft-btn\" data-id=\"5f2df8e\" data-element_type=\"widget\" data-widget_type=\"ft-btn.default\">\n\t\t\t\t<div class=\"elementor-widget-container\">\n\t\t\t\t\t<div class=\"prthalign\">\n    <a href=\"https:\/\/lamaisondasie.com\/fr\/e-cours\/\" aria-label=\"name\" class=\"kd-pr-btn-1 text-uppercase has-pr-clr\">\n        <span class=\"text\" data-back=\"E-Cours\" data-front=\"E-Cours\"><\/span>\n        <span class=\"icon\">\n            <i class=\"fa-solid fa-arrow-right\"><\/i>\n        <\/span>\n    <\/a>\n<\/div>\n\t\t\t\t<\/div>\n\t\t\t\t<\/div>\n\t\t\t\t<\/div>\n\t\t\t\t<\/div>\n\t\t\t\t\t<\/div>\n\t\t\t\t<\/div>\n\t\t\t\t<section class=\"elementor-section elementor-top-section elementor-element elementor-element-9443eb6 elementor-section-boxed elementor-section-height-default elementor-section-height-default\" data-id=\"9443eb6\" data-element_type=\"section\">\n\t\t\t\t\t\t<div class=\"elementor-container elementor-column-gap-default\">\n\t\t\t\t\t<div class=\"elementor-column elementor-col-50 elementor-top-column elementor-element elementor-element-347bcde\" data-id=\"347bcde\" data-element_type=\"column\">\n\t\t\t<div class=\"elementor-widget-wrap elementor-element-populated\">\n\t\t\t\t\t\t<div class=\"elementor-element elementor-element-74d399a elementor-widget elementor-widget-image\" data-id=\"74d399a\" data-element_type=\"widget\" data-widget_type=\"image.default\">\n\t\t\t\t\t\t\t\t\t\t\t\t\t\t\t<img fetchpriority=\"high\" decoding=\"async\" width=\"650\" height=\"650\" src=\"https:\/\/lamaisondasie.com\/wp-content\/uploads\/2025\/08\/how-it-work.webp\" class=\"attachment-full size-full wp-image-3049\" alt=\"\" srcset=\"https:\/\/lamaisondasie.com\/wp-content\/uploads\/2025\/08\/how-it-work.webp 650w, https:\/\/lamaisondasie.com\/wp-content\/uploads\/2025\/08\/how-it-work-300x300.webp 300w, https:\/\/lamaisondasie.com\/wp-content\/uploads\/2025\/08\/how-it-work-150x150.webp 150w, https:\/\/lamaisondasie.com\/wp-content\/uploads\/2025\/08\/how-it-work-600x600.webp 600w, https:\/\/lamaisondasie.com\/wp-content\/uploads\/2025\/08\/how-it-work-100x100.webp 100w\" sizes=\"(max-width: 650px) 100vw, 650px\" \/>\t\t\t\t\t\t\t\t\t\t\t\t\t\t\t<\/div>\n\t\t\t\t\t<\/div>\n\t\t<\/div>\n\t\t\t\t<div class=\"elementor-column elementor-col-50 elementor-top-column elementor-element elementor-element-6cc4aa5\" data-id=\"6cc4aa5\" data-element_type=\"column\">\n\t\t\t<div class=\"elementor-widget-wrap elementor-element-populated\">\n\t\t\t\t\t\t<div class=\"elementor-element elementor-element-cf99e3a elementor-widget elementor-widget-go-s-heading\" data-id=\"cf99e3a\" data-element_type=\"widget\" data-widget_type=\"go-s-heading.default\">\n\t\t\t\t<div class=\"elementor-widget-container\">\n\t\t\t\t\t<div class=\"prthalign\">\n            <h6 class=\"kd-subtitle-1 kd-subtitle-ani-1 elementor-kadu-sub\">\n                            <img decoding=\"async\" src=\"https:\/\/lamaisondasie.com\/wp-content\/uploads\/2025\/08\/head-icon.png\" alt=\"\"> \n              \n            Le\u00e7ons interactives avec des enseignants experts        <\/h6>\n        <h1 class=\"elementor-gt-heading kd-section-title-1 kd-title-ani kd-split-text\">Apprendre Le Japonais, Chinois Et Cor\u00e9en<\/h1>        <div class=\"elementor-gt-desc kd-para-1 disc wow\" data-splitting>\n            <\/div>        \n    <\/div>\t\t\t\t<\/div>\n\t\t\t\t<\/div>\n\t\t\t\t<div class=\"elementor-element elementor-element-55722a3 elementor-invisible elementor-widget elementor-widget-text-editor\" data-id=\"55722a3\" data-element_type=\"widget\" data-settings=\"{&quot;_animation&quot;:&quot;fadeIn&quot;}\" data-widget_type=\"text-editor.default\">\n\t\t\t\t\t\t\t\t\t<p data-start=\"156\" data-end=\"218\">Bienvenue sur notre plateforme d&rsquo;apprentissage des langues! Nous proposons des cours en ligne complets en japonais, chinois et cor\u00e9en pour vous aider \u00e0 atteindre la ma\u00eetrise et la compr\u00e9hension culturelle.<br data-start=\"194\" data-end=\"197\" \/>Avec des enseignants exp\u00e9riment\u00e9s et des le\u00e7ons interactives, vous parlerez comme un natif en un rien de temps. Explorez nos cours, d\u00e9couvrez notre m\u00e9thodologie et rejoignez notre communaut\u00e9 d\u2019apprenants de langues ! Commencez aujourd\u2019hui avec une le\u00e7on d\u2019essai gratuite.<\/p>\t\t\t\t\t\t\t\t<\/div>\n\t\t\t\t<div class=\"elementor-element elementor-element-709a69b elementor-widget elementor-widget-ft-btn\" data-id=\"709a69b\" data-element_type=\"widget\" data-widget_type=\"ft-btn.default\">\n\t\t\t\t<div class=\"elementor-widget-container\">\n\t\t\t\t\t<div class=\"prthalign\">\n    <a href=\"https:\/\/lamaisondasie.com\/fr\/comment-ca-marche\/\" aria-label=\"name\" class=\"kd-pr-btn-1 text-uppercase has-pr-clr\">\n        <span class=\"text\" data-back=\"Comment \u00e7a marche\" data-front=\"Comment \u00e7a marche\"><\/span>\n        <span class=\"icon\">\n            <i class=\"fa-solid fa-arrow-right\"><\/i>\n        <\/span>\n    <\/a>\n<\/div>\n\t\t\t\t<\/div>\n\t\t\t\t<\/div>\n\t\t\t\t\t<\/div>\n\t\t<\/div>\n\t\t\t\t\t<\/div>\n\t\t<\/section>\n\t\t\t\t<section class=\"elementor-section elementor-top-section elementor-element elementor-element-027ec8c elementor-section-content-middle elementor-section-boxed elementor-section-height-default elementor-section-height-default\" data-id=\"027ec8c\" data-element_type=\"section\" data-settings=\"{&quot;background_background&quot;:&quot;classic&quot;}\">\n\t\t\t\t\t\t<div class=\"elementor-container elementor-column-gap-default\">\n\t\t\t\t\t<div class=\"elementor-column elementor-col-50 elementor-top-column elementor-element elementor-element-65a5b41\" data-id=\"65a5b41\" data-element_type=\"column\">\n\t\t\t<div class=\"elementor-widget-wrap elementor-element-populated\">\n\t\t\t\t\t\t<div class=\"elementor-element elementor-element-5014426 elementor-widget__width-initial elementor-widget-mobile__width-inherit elementor-widget elementor-widget-go-s-heading\" data-id=\"5014426\" data-element_type=\"widget\" data-widget_type=\"go-s-heading.default\">\n\t\t\t\t<div class=\"elementor-widget-container\">\n\t\t\t\t\t<div class=\"prthalign\">\n            <h6 class=\"kd-subtitle-1 kd-subtitle-ani-1 elementor-kadu-sub\">\n                            <img decoding=\"async\" src=\"https:\/\/lamaisondasie.com\/wp-content\/uploads\/2025\/08\/head-icon.png\" alt=\"\"> \n              \n            demande d'inscription        <\/h6>\n        <h1 class=\"elementor-gt-heading kd-section-title-1 kd-title-ani kd-split-text\">Cr\u00e9er Compte Gratuit et vous Inscrire<\/h1>        <div class=\"elementor-gt-desc kd-para-1 disc wow\" data-splitting>\n            <\/div>        \n    <\/div>\t\t\t\t<\/div>\n\t\t\t\t<\/div>\n\t\t\t\t<div class=\"elementor-element elementor-element-7658f88 elementor-widget elementor-widget-go-list-item\" data-id=\"7658f88\" data-element_type=\"widget\" data-widget_type=\"go-list-item.default\">\n\t\t\t\t<div class=\"elementor-widget-container\">\n\t\t\t\t\t\n<div class=\"kd-cta-2-content\">\n    <ul class=\"kd-list-1 kd-heading-1 kd-font-800\">\n                    <li>\n                <i class=\"fa-solid fa-circle-check\"><\/i>\n                <span class=\"wow\" data-splitting=\"\">Cours de Japonais<\/span>\n            <\/li>\n                    <li>\n                <i class=\"fa-solid fa-circle-check\"><\/i>\n                <span class=\"wow\" data-splitting=\"\"> Cours de Chinois<\/span>\n            <\/li>\n                    <li>\n                <i class=\"fa-solid fa-circle-check\"><\/i>\n                <span class=\"wow\" data-splitting=\"\">Cours de cor\u00e9en<\/span>\n            <\/li>\n            <\/ul>\n<\/div>\n\t\t\t\t<\/div>\n\t\t\t\t<\/div>\n\t\t\t\t<div class=\"elementor-element elementor-element-8e851b5 elementor-widget elementor-widget-go-ct-info\" data-id=\"8e851b5\" data-element_type=\"widget\" data-widget_type=\"go-ct-info.default\">\n\t\t\t\t<div class=\"elementor-widget-container\">\n\t\t\t\t\t<div class=\"kd-cta-2-content\">\n    <div class=\"contact-item-flex d-flex align-items-center flex-wrap txaa-fade-right\">\n                <div class=\"kd-header-1-top-contact-item d-flex align-items-center \">\n            <div class=\"icon d-flex justify-content-center align-items-center\">\n                <i aria-hidden=\"true\" class=\"fas fa-phone-alt\"><\/i>            <\/div>\n            <div class=\"content\">\n                <h4 class=\"subtitle kd-heading-1\">appelez-nous \u00e0 tout moment<\/h4>\n                <a href=\"tel:+(000) 1235 56748\" aria-label=\"name\" class=\"link kd-heading-1 d-inline-block text-lowercase\">+212 612 34 56 78<\/a>\n            <\/div>\n        <\/div>\n                <div class=\"kd-header-1-top-contact-item d-flex align-items-center \">\n            <div class=\"icon d-flex justify-content-center align-items-center\">\n                <i aria-hidden=\"true\" class=\"far fa-envelope\"><\/i>            <\/div>\n            <div class=\"content\">\n                <h4 class=\"subtitle kd-heading-1\">Nous Un Courriel En Tout Temps<\/h4>\n                <a href=\"mailto:contact@lamaisondasie.com\" aria-label=\"name\" class=\"link kd-heading-1 d-inline-block text-lowercase\">contact@lamaisondasie.com<\/a>\n            <\/div>\n        <\/div>\n            <\/div>\n<\/div>\t\t\t\t<\/div>\n\t\t\t\t<\/div>\n\t\t\t\t\t<\/div>\n\t\t<\/div>\n\t\t\t\t<div class=\"elementor-column elementor-col-50 elementor-top-column elementor-element elementor-element-bd4bbc8\" data-id=\"bd4bbc8\" data-element_type=\"column\">\n\t\t\t<div class=\"elementor-widget-wrap elementor-element-populated\">\n\t\t\t\t\t\t<div class=\"elementor-element elementor-element-6d729cb elementor-widget elementor-widget-go-ct-form\" data-id=\"6d729cb\" data-element_type=\"widget\" data-widget_type=\"go-ct-form.default\">\n\t\t\t\t<div class=\"elementor-widget-container\">\n\t\t\t\t\t<div class=\"txaa-slide-down-1\">\n    <div class=\"kd-cta-2-form bg-default txaa-slide-down-1-item\" data-background=\"https:\/\/lamaisondasie.com\/wp-content\/uploads\/2024\/06\/t4-item-bg-1.webp\">\n        \n<div class=\"wpcf7 no-js\" id=\"wpcf7-f3072-o1\" lang=\"fr-FR\" dir=\"ltr\" data-wpcf7-id=\"3072\">\n<div class=\"screen-reader-response\"><p role=\"status\" aria-live=\"polite\" aria-atomic=\"true\"><\/p> <ul><\/ul><\/div>\n<form action=\"\/fr\/wp-json\/wp\/v2\/pages\/3051#wpcf7-f3072-o1\" method=\"post\" class=\"wpcf7-form init\" aria-label=\"Formulaire de contact\" novalidate=\"novalidate\" data-status=\"init\">\n<fieldset class=\"hidden-fields-container\"><input type=\"hidden\" name=\"_wpcf7\" value=\"3072\" \/><input type=\"hidden\" name=\"_wpcf7_version\" value=\"6.1.4\" \/><input type=\"hidden\" name=\"_wpcf7_locale\" value=\"fr_FR\" \/><input type=\"hidden\" name=\"_wpcf7_unit_tag\" value=\"wpcf7-f3072-o1\" \/><input type=\"hidden\" name=\"_wpcf7_container_post\" value=\"0\" \/><input type=\"hidden\" name=\"_wpcf7_posted_data_hash\" value=\"\" \/>\n<\/fieldset>\n<input size=\"40\" maxlength=\"400\" class=\"wpcf7-form-control wpcf7-text kd-cta-2-form-input\" aria-invalid=\"false\" value=\"Pr\u00e9nom\" type=\"text\" name=\"text-128\" \/>\n<input size=\"40\" maxlength=\"400\" class=\"wpcf7-form-control wpcf7-text kd-cta-2-form-input\" aria-invalid=\"false\" value=\"Nom\" type=\"text\" name=\"text-123\" \/>\n<input size=\"40\" maxlength=\"400\" class=\"wpcf7-form-control wpcf7-text kd-cta-2-form-input has-full-width\" aria-invalid=\"false\" value=\"Type de cours\" type=\"text\" name=\"text-125\" \/>\n<input size=\"40\" maxlength=\"400\" class=\"wpcf7-form-control wpcf7-text kd-cta-2-form-input has-full-width\" aria-invalid=\"false\" value=\"Qualification\" type=\"text\" name=\"text-126\" \/>\n<input size=\"40\" maxlength=\"400\" class=\"wpcf7-form-control wpcf7-text kd-cta-2-form-input has-full-width\" aria-invalid=\"false\" value=\"Num\u00e9ro de t\u00e9l\u00e9phone\" type=\"text\" name=\"text-129\" \/>\n<button type=\"button\" aria-label=\"name\" class=\"kd-cta-2-form-btn kd-pr-btn-1 text-capitalize has-black has-full-width\">\n<span class=\"text\" data-back=\"Submit\" data-front=\"Submit\"><\/span>\n<\/button><div class=\"wpcf7-response-output\" aria-hidden=\"true\"><\/div>\n<\/form>\n<\/div>\n    <\/div>\n<\/div>\t\t\t\t<\/div>\n\t\t\t\t<\/div>\n\t\t\t\t\t<\/div>\n\t\t<\/div>\n\t\t\t\t\t<\/div>\n\t\t<\/section>\n\t\t\t\t<\/div>\n\t\t","protected":false},"excerpt":{"rendered":"<p>La Maison d&rsquo;Asie Une plateforme d&rsquo;apprentissage des langues: japonais, chinois et cor\u00e9en Le\u00e7ons interactives avec des enseignants experts Apprendre Le Japonais, Chinois Et Cor\u00e9en Bienvenue sur notre plateforme d&rsquo;apprentissage des langues! Nous proposons des cours en ligne complets en japonais, chinois et cor\u00e9en pour vous aider \u00e0 atteindre la ma\u00eetrise et la compr\u00e9hension culturelle.Avec des [&hellip;]<\/p>\n","protected":false},"author":1,"featured_media":0,"parent":0,"menu_order":0,"comment_status":"closed","ping_status":"closed","template":"elementor_header_footer","meta":{"footnotes":""},"class_list":["post-3051","page","type-page","status-publish","hentry"],"_links":{"self":[{"href":"https:\/\/lamaisondasie.com\/fr\/wp-json\/wp\/v2\/pages\/3051","targetHints":{"allow":["GET"]}}],"collection":[{"href":"https:\/\/lamaisondasie.com\/fr\/wp-json\/wp\/v2\/pages"}],"about":[{"href":"https:\/\/lamaisondasie.com\/fr\/wp-json\/wp\/v2\/types\/page"}],"author":[{"embeddable":true,"href":"https:\/\/lamaisondasie.com\/fr\/wp-json\/wp\/v2\/users\/1"}],"replies":[{"embeddable":true,"href":"https:\/\/lamaisondasie.com\/fr\/wp-json\/wp\/v2\/comments?post=3051"}],"version-history":[{"count":28,"href":"https:\/\/lamaisondasie.com\/fr\/wp-json\/wp\/v2\/pages\/3051\/revisions"}],"predecessor-version":[{"id":3183,"href":"https:\/\/lamaisondasie.com\/fr\/wp-json\/wp\/v2\/pages\/3051\/revisions\/3183"}],"wp:attachment":[{"href":"https:\/\/lamaisondasie.com\/fr\/wp-json\/wp\/v2\/media?parent=3051"}],"curies":[{"name":"wp","href":"https:\/\/api.w.org\/{rel}","templated":true}]}}